{"id":1991,"date":"2024-11-18T21:26:49","date_gmt":"2024-11-18T20:26:49","guid":{"rendered":"https:\/\/pasamo.art\/?post_type=product&#038;p=1991"},"modified":"2025-05-29T10:43:25","modified_gmt":"2025-05-29T08:43:25","slug":"waska-tasiemka-na-obszycia-zielono-czerwona","status":"publish","type":"product","link":"https:\/\/pasamo.art\/en\/product\/waska-tasiemka-na-obszycia-zielono-czerwona\/","title":{"rendered":"W\u0105ska tasiemka na obszycia &#8211; zielono-czerwona"},"content":{"rendered":"<p>Narrow ribbon made of thin, delicate to the touch merino wool yarn. Woven on the shoulder in plain weave - a simple tool and traditional technique.<\/p>\n<p>Nadaje si\u0119 do obszywania cienkich tkanin, np. lnianych sukienek i koszul. Jest do\u015b\u0107 odporna na kurczenie w czasie prania, bo wykonana z we\u0142ny typu superwash.<\/p>\n<p>Prosty wz\u00f3r wg mojego projektu.<\/p>\n<p>I recommend gentle washing at low temperature. Machine washable on the appropriate program.<\/p>","protected":false},"excerpt":{"rendered":"<p>The price of PLN 5 applies to a 10 cm long unit.<br \/>\nPLN 50 per meter.<br \/>\nSzeroko\u015b\u0107: 1,1 cm<br \/>\nComposition: 100% wool<\/p>","protected":false},"featured_media":2130,"comment_status":"open","ping_status":"closed","template":"","meta":{"_kad_post_transparent":"default","_kad_post_title":"","_kad_post_layout":"default","_kad_post_sidebar_id":"","_kad_post_content_style":"default","_kad_post_vertical_padding":"default","_kad_post_feature":"","_kad_post_feature_position":"","_kad_post_header":false,"_kad_post_footer":false,"_kad_post_classname":""},"product_brand":[],"product_cat":[90],"product_tag":[116,118,202,201],"class_list":{"0":"post-1991","1":"product","2":"type-product","3":"status-publish","4":"has-post-thumbnail","6":"product_cat-krajkinametry","7":"product_tag-cienka-tasiemka","8":"product_tag-miekka-welna","9":"product_tag-obszycia","10":"product_tag-wzor-paski","11":"pa_kolor-bialy","12":"pa_kolor-czerwony","13":"pa_kolor-zielony","14":"pa_material-delikatna","16":"first","17":"instock","18":"taxable","19":"shipping-taxable","20":"purchasable","21":"product-type-simple","22":"entry","23":"content-bg","24":"loop-entry"},"jetpack_sharing_enabled":true,"_links":{"self":[{"href":"https:\/\/pasamo.art\/en\/wp-json\/wp\/v2\/product\/1991","targetHints":{"allow":["GET"]}}],"collection":[{"href":"https:\/\/pasamo.art\/en\/wp-json\/wp\/v2\/product"}],"about":[{"href":"https:\/\/pasamo.art\/en\/wp-json\/wp\/v2\/types\/product"}],"replies":[{"embeddable":true,"href":"https:\/\/pasamo.art\/en\/wp-json\/wp\/v2\/comments?post=1991"}],"wp:featuredmedia":[{"embeddable":true,"href":"https:\/\/pasamo.art\/en\/wp-json\/wp\/v2\/media\/2130"}],"wp:attachment":[{"href":"https:\/\/pasamo.art\/en\/wp-json\/wp\/v2\/media?parent=1991"}],"wp:term":[{"taxonomy":"product_brand","embeddable":true,"href":"https:\/\/pasamo.art\/en\/wp-json\/wp\/v2\/product_brand?post=1991"},{"taxonomy":"product_cat","embeddable":true,"href":"https:\/\/pasamo.art\/en\/wp-json\/wp\/v2\/product_cat?post=1991"},{"taxonomy":"product_tag","embeddable":true,"href":"https:\/\/pasamo.art\/en\/wp-json\/wp\/v2\/product_tag?post=1991"}],"curies":[{"name":"wp","href":"https:\/\/api.w.org\/{rel}","templated":true}]}}