{"id":1624,"date":"2024-11-17T13:33:25","date_gmt":"2024-11-17T12:33:25","guid":{"rendered":"https:\/\/pasamo.art\/?post_type=product&#038;p=1624"},"modified":"2026-04-11T12:01:38","modified_gmt":"2026-04-11T10:01:38","slug":"pasek-farbowany-naturalnie-cebula-i-sumak","status":"publish","type":"product","link":"https:\/\/pasamo.art\/en\/product\/pasek-farbowany-naturalnie-cebula-i-sumak\/","title":{"rendered":"Naturally dyed belt \u2013 onion and sumac"},"content":{"rendered":"<p>A narrow belt made of soft wool with a simple pattern. Finished with fringes of unwoven threads.<\/p>\n<p>Perfect as an accessory to clothing or head decoration. You can tie it around your waist or sew on temple rings. It also works well as a strap for a small bag. Different uses depend on your needs and the chosen length.<\/p>\n<p>Prz\u0119dza farbowana naturalnie barwnikami ro\u015blinnymi. Kolor siny uzyskany z kwiatostan\u00f3w sumaka, a jasny br\u0105z z \u0142usek cebuli.<\/p>\n<p>I recommend gentle washing at low temperature. Machine washing and detergents can damage the material and fade the color.<\/p>","protected":false},"excerpt":{"rendered":"<p>Width: 1.8 cm<br \/>\nLength: Various lengths to choose from<br \/>\nComposition: 100% wool<\/p>","protected":false},"featured_media":2011,"comment_status":"open","ping_status":"closed","template":"","meta":{"_kad_post_transparent":"default","_kad_post_title":"","_kad_post_layout":"default","_kad_post_sidebar_id":"","_kad_post_content_style":"default","_kad_post_vertical_padding":"default","_kad_post_feature":"","_kad_post_feature_position":"","_kad_post_header":false,"_kad_post_footer":false,"_kad_post_classname":""},"product_brand":[],"product_cat":[114],"product_tag":[124,123,111],"class_list":{"0":"post-1624","1":"product","2":"type-product","3":"status-publish","4":"has-post-thumbnail","6":"product_cat-farbowanenaturalnie","7":"product_tag-farbowane-naturalnie","8":"product_tag-pasek","9":"product_tag-welna-100","10":"pa_kolor-bialy","11":"pa_kolor-szary","12":"pa_kolor-zielony","13":"pa_material-czesankowa","15":"first","16":"instock","17":"taxable","18":"shipping-taxable","19":"purchasable","20":"product-type-variable","21":"entry","22":"content-bg","23":"loop-entry"},"jetpack_sharing_enabled":true,"_links":{"self":[{"href":"https:\/\/pasamo.art\/en\/wp-json\/wp\/v2\/product\/1624","targetHints":{"allow":["GET"]}}],"collection":[{"href":"https:\/\/pasamo.art\/en\/wp-json\/wp\/v2\/product"}],"about":[{"href":"https:\/\/pasamo.art\/en\/wp-json\/wp\/v2\/types\/product"}],"replies":[{"embeddable":true,"href":"https:\/\/pasamo.art\/en\/wp-json\/wp\/v2\/comments?post=1624"}],"wp:featuredmedia":[{"embeddable":true,"href":"https:\/\/pasamo.art\/en\/wp-json\/wp\/v2\/media\/2011"}],"wp:attachment":[{"href":"https:\/\/pasamo.art\/en\/wp-json\/wp\/v2\/media?parent=1624"}],"wp:term":[{"taxonomy":"product_brand","embeddable":true,"href":"https:\/\/pasamo.art\/en\/wp-json\/wp\/v2\/product_brand?post=1624"},{"taxonomy":"product_cat","embeddable":true,"href":"https:\/\/pasamo.art\/en\/wp-json\/wp\/v2\/product_cat?post=1624"},{"taxonomy":"product_tag","embeddable":true,"href":"https:\/\/pasamo.art\/en\/wp-json\/wp\/v2\/product_tag?post=1624"}],"curies":[{"name":"wp","href":"https:\/\/api.w.org\/{rel}","templated":true}]}}